{"id":562,"date":"2020-08-19T22:27:52","date_gmt":"2020-08-19T20:27:52","guid":{"rendered":"https:\/\/www.pkmoreno.si\/?page_id=562"},"modified":"2020-10-20T17:52:27","modified_gmt":"2020-10-20T15:52:27","slug":"zasebnost","status":"publish","type":"page","link":"https:\/\/www.pkmoreno.si\/en\/zasebnost\/","title":{"rendered":"Zasebnost"},"content":{"rendered":"<div data-elementor-type=\"wp-page\" data-elementor-id=\"562\" class=\"elementor elementor-562\" data-elementor-post-type=\"page\">\n\t\t\t\t\t\t<section class=\"elementor-section elementor-top-section elementor-element elementor-element-6233ffe elementor-section-content-middle elementor-reverse-mobile elementor-section-boxed elementor-section-height-default elementor-section-height-default\" data-id=\"6233ffe\" data-element_type=\"section\" data-settings=\"{&quot;background_background&quot;:&quot;classic&quot;}\">\n\t\t\t\t\t\t\t<div class=\"elementor-background-overlay\"><\/div>\n\t\t\t\t\t\t\t<div class=\"elementor-container elementor-column-gap-default\">\n\t\t\t\t\t<div class=\"elementor-column elementor-col-50 elementor-top-column elementor-element elementor-element-cf489ea\" data-id=\"cf489ea\" data-element_type=\"column\">\n\t\t\t<div class=\"elementor-widget-wrap elementor-element-populated\">\n\t\t\t\t\t\t<div class=\"elementor-element elementor-element-bacb862 elementor-widget elementor-widget-heading\" data-id=\"bacb862\" data-element_type=\"widget\" data-widget_type=\"heading.default\">\n\t\t\t\t<div class=\"elementor-widget-container\">\n\t\t\t<style>\/*! elementor - v3.19.0 - 28-02-2024 *\/\n.elementor-heading-title{padding:0;margin:0;line-height:1}.elementor-widget-heading .elementor-heading-title[class*=elementor-size-]>a{color:inherit;font-size:inherit;line-height:inherit}.elementor-widget-heading .elementor-heading-title.elementor-size-small{font-size:15px}.elementor-widget-heading .elementor-heading-title.elementor-size-medium{font-size:19px}.elementor-widget-heading .elementor-heading-title.elementor-size-large{font-size:29px}.elementor-widget-heading .elementor-heading-title.elementor-size-xl{font-size:39px}.elementor-widget-heading .elementor-heading-title.elementor-size-xxl{font-size:59px}<\/style><h1 class=\"elementor-heading-title elementor-size-default\">Zasebnost<\/h1>\t\t<\/div>\n\t\t\t\t<\/div>\n\t\t\t\t\t<\/div>\n\t\t<\/div>\n\t\t\t\t<div class=\"elementor-column elementor-col-50 elementor-top-column elementor-element elementor-element-febf231\" data-id=\"febf231\" data-element_type=\"column\">\n\t\t\t<div class=\"elementor-widget-wrap\">\n\t\t\t\t\t\t\t<\/div>\n\t\t<\/div>\n\t\t\t\t\t<\/div>\n\t\t<\/section>\n\t\t\t\t<section class=\"elementor-section elementor-top-section elementor-element elementor-element-3f711cf elementor-section-boxed elementor-section-height-default elementor-section-height-default\" data-id=\"3f711cf\" data-element_type=\"section\" data-settings=\"{&quot;background_background&quot;:&quot;classic&quot;}\">\n\t\t\t\t\t\t<div class=\"elementor-container elementor-column-gap-default\">\n\t\t\t\t\t<div class=\"elementor-column elementor-col-100 elementor-top-column elementor-element elementor-element-c356240\" data-id=\"c356240\" data-element_type=\"column\">\n\t\t\t<div class=\"elementor-widget-wrap elementor-element-populated\">\n\t\t\t\t\t\t<div class=\"elementor-element elementor-element-f379c3a elementor-widget elementor-widget-heading\" data-id=\"f379c3a\" data-element_type=\"widget\" data-widget_type=\"heading.default\">\n\t\t\t\t<div class=\"elementor-widget-container\">\n\t\t\t<h3 class=\"elementor-heading-title elementor-size-default\">Kak\u0161ne osebne podatke obdelujemo?<\/h3>\t\t<\/div>\n\t\t\t\t<\/div>\n\t\t\t\t<div class=\"elementor-element elementor-element-cfb81a8 elementor-widget elementor-widget-text-editor\" data-id=\"cfb81a8\" data-element_type=\"widget\" data-widget_type=\"text-editor.default\">\n\t\t\t\t<div class=\"elementor-widget-container\">\n\t\t\t<style>\/*! elementor - v3.19.0 - 28-02-2024 *\/\n.elementor-widget-text-editor.elementor-drop-cap-view-stacked .elementor-drop-cap{background-color:#69727d;color:#fff}.elementor-widget-text-editor.elementor-drop-cap-view-framed .elementor-drop-cap{color:#69727d;border:3px solid;background-color:transparent}.elementor-widget-text-editor:not(.elementor-drop-cap-view-default) .elementor-drop-cap{margin-top:8px}.elementor-widget-text-editor:not(.elementor-drop-cap-view-default) .elementor-drop-cap-letter{width:1em;height:1em}.elementor-widget-text-editor .elementor-drop-cap{float:left;text-align:center;line-height:1;font-size:50px}.elementor-widget-text-editor .elementor-drop-cap-letter{display:inline-block}<\/style>\t\t\t\t<p>\u010ce uporabljate na\u0161e storitve, zbiramo razli\u010dne vrste va\u0161ih podatkov, kot so va\u0161i kontaktni podatki in va\u0161 IP naslov.<\/p><p>Obdelujemo naslednje osebne podatke:<\/p><ul><li>Kontaktni podatki, ki obsegajo osebne podatke, s pomo\u010djo katerih lahko stopimo v stik z vami: e-naslov, ime in priimek ter telefonsko \u0161tevilko;<\/li><li>Podatke o napravah s katerih dostopate do spleta, kot so IP naslov in z njim povezana lokacija, izbrani brskalnik in razli\u010dica le-tega;<\/li><li><strong>Za potrebe analiti\u010dnih obdelav in ogla\u0161evanja<\/strong> uporabljamo Google Analytics in Hotjar, ki zbirata dolo\u010dene podatke. Ve\u010d v nadaljevanju<\/li><\/ul>\t\t\t\t\t\t<\/div>\n\t\t\t\t<\/div>\n\t\t\t\t<div class=\"elementor-element elementor-element-690e1a3 elementor-widget elementor-widget-heading\" data-id=\"690e1a3\" data-element_type=\"widget\" data-widget_type=\"heading.default\">\n\t\t\t\t<div class=\"elementor-widget-container\">\n\t\t\t<h4 class=\"elementor-heading-title elementor-size-default\">Google Analytics<\/h4>\t\t<\/div>\n\t\t\t\t<\/div>\n\t\t\t\t<div class=\"elementor-element elementor-element-2e142e0 elementor-widget elementor-widget-text-editor\" data-id=\"2e142e0\" data-element_type=\"widget\" data-widget_type=\"text-editor.default\">\n\t\t\t\t<div class=\"elementor-widget-container\">\n\t\t\t\t\t\t\t<p><strong>Namen \/ Informacija:<\/strong><\/p><p>Ta spletna stran uporablja Google Analytics, storitev spletne analize podjetja Google Ireland Ltd.\u00a0(\u00bbGoogle\u00ab). Storitev Google Analytics uporablja posebno obliko pi\u0161kotka, ki je shranjen na va\u0161em ra\u010dunalniku in omogo\u010da analizo va\u0161e uporabe spletne strani. Informacije o uporabi spletne strani, ki jih zbere pi\u0161kotek, se praviloma prenesejo na Googlov stre\u017enik v ZDA in se na njem shranijo.<\/p><p>Storitev Google Analytics na tej spletni strani raz\u0161irjena tako, da vklju\u010duje kodo \u00bbgat._anonymizeIp();\u00ab, ki zagotavlja anonimno zbiranje naslovov IP (tako imenovano IP-maskiranje). Z anonimizacijo IP-ja na tej spletni strani bo na obmo\u010dju EU in drugih dr\u017eav pogodbenic Evropskega gospodarskega prostora Google skraj\u0161al va\u0161 IP-naslov. Samo v izjemnih primerih se na Googlov stre\u017enik v ZDA prenese celoten IP-naslov in se tam skraj\u0161a. \u00a0<\/p><p>Google uporablja te informacije v na\u0161em imenu za analizo va\u0161e uporabe te spletne strani, da lahko izdela poro\u010dila o aktivnostih na spletni strani in zagotovi dodatne storitve, povezane z uporabo spletne strani in uporabo interneta. Google lahko te informacije posreduje tretjim osebam, \u010de to zahteva zakon ali \u010de te tretje osebe obdelujejo podatke v Googlovem imenu. Naslov IP, ki ga posreduje va\u0161 brskalnik v sklopu storitve Google Analytics, ni zdru\u017een z nobenimi drugimi Googlovimi podatki.<\/p><p>Google Analytics uporabljamo za analizo in redno izbolj\u0161evanje uporabe na\u0161e spletne strani. S pomo\u010djo pridobljenih statisti\u010dnih podatkov lahko izbolj\u0161amo na\u0161o ponudbo in jo naredimo bolj zanimivo za vas kot uporabnika. Hkrati pridobivamo informacije o funkcionalnosti na\u0161ega spletnega mesta.<\/p><p>V konfiguraciji Google Analytics smo zagotovili, da Google prejme te podatke kot obdelovalec, in zato teh podatkov ne sme uporabljati za lastne namene. Konfiguracija ogla\u0161evalskih funkcij storitve Google Analytics ni odvisna od tega in je opisana v ustreznem razdelku, pod pogojem, da se uporablja tudi na tem spletnem mestu.<\/p><p><strong>Prejemniki:<\/strong><\/p><p>Podatki o tretji osebi: Google Dublin, Google Ireland Ltd, Gordon House, Barrow Street, Dublin 4, Irska, faks: +353 (1) 436\u20091001.\u00a0<a href=\"https:\/\/www.google.com\/analytics\/terms\/gb.html\" target=\"_blank\" rel=\"noopener noreferrer\">Pogoji storitve Google Analytics<\/a>,\u00a0<a href=\"https:\/\/support.google.com\/analytics\/answer\/6004245?hl=en\" target=\"_blank\" rel=\"noopener noreferrer\">splo\u0161en pregled na\u010del varnosti in zasebnosti Google Analytics<\/a>,\u00a0<a href=\"https:\/\/policies.google.com\/privacy?hl=en\" target=\"_blank\" rel=\"noopener noreferrer\">pravilnik o zasebnosti podjetja Google<\/a>.\u00a0Google upo\u0161teva\u00a0dolo\u010dila zasebnostnega \u0161\u010dita EU\u2013ZDA.<\/p><p><strong>Izbris \/ Ugovor:<\/strong><\/p><p>Shranjevanje pi\u0161kotkov lahko onemogo\u010dite tako, da izberete ustrezno nastavitev v svojem brskalniku. Poleg tega lahko podjetju Google prepre\u010dite bele\u017eenje podatkov, povezanih z va\u0161o uporabo spletne strani, ki jih zbere pi\u0161kotek (vklju\u010dno z va\u0161im naslovom IP), in obdelavo teh podatkov, tako da prenesete in namestite dodatek za brskalnik, ki je na voljo na\u00a0<a href=\"http:\/\/tools.google.com\/dlpage\/gaoptout?hl=en\" target=\"_blank\" rel=\"noopener noreferrer\">spletni strani<\/a>.<\/p><p>\u017divljenjska doba pi\u0161kotkov: do 12 mesecev (to velja samo za pi\u0161kotke, ki jih je namestila ta spletna stran).<\/p><p>Maksimalno obdobje shranjevanja podatkov: do 26 mesecev.<\/p><p>Pravna podlaga: \u010clen 6 (1) f GDPR (zakoniti interes)<\/p><p><strong>Ogla\u0161evalske funkcije storitve Google Analytics<br \/><\/strong><\/p><p>\u010ce privolite v uporabo ogla\u0161evalskih funkcij storitve Google Analytics, ta spletna stran poleg standardnih funkcij uporablja tudi raz\u0161irjene funkcije storitve Google Analytics. Ogla\u0161evalske funkcije storitve Google Analytics, ki so uporabljene na tej spletni strani, vklju\u010dujejo poro\u010dila o demografskih zna\u010dilnostih in zanimanjih v okviru storitve Google Analytics.<\/p><p>Uporabljamo pi\u0161kotke storitve Google Analytics, da v anonimni obliki ocenimo demografske zna\u010dilnosti in zanimanja obiskovalcev na\u0161e spletne strani. Te informacije uporabljamo za izbolj\u0161anje spletne strani.<\/p><p>Svoje sodelovanje v tem postopku sledenja lahko prepre\u010dite na ve\u010d na\u010dinov: a) z ustrezno nastavitvijo brskalnika; b) preko nastavitev ogla\u0161evanja Google na strani\u00a0<a href=\"https:\/\/www.google.com\/ads\/preferences\/?hl=en\" target=\"_blank\" rel=\"noopener noreferrer\">https:\/\/www.google.com\/ads\/preferences\/?hl=en<\/a>; c) z ustrezno nastavitvijo mo\u017enosti pi\u0161kotkov.\u00a0Ne pozabite, da v tem primeru morda ne boste mogli v celoti uporabljati vseh funkcij te ponudbe.<\/p><p>Obdobje shranjevanja: do 26 mesecev.<\/p><p>Pravna podlaga: \u010dlen 6 (1) a GDPR.<\/p>\t\t\t\t\t\t<\/div>\n\t\t\t\t<\/div>\n\t\t\t\t<div class=\"elementor-element elementor-element-a4b0ff6 elementor-widget elementor-widget-heading\" data-id=\"a4b0ff6\" data-element_type=\"widget\" data-widget_type=\"heading.default\">\n\t\t\t\t<div class=\"elementor-widget-container\">\n\t\t\t<h4 class=\"elementor-heading-title elementor-size-default\">Hotjar (Hotjar Ltd.)<\/h4>\t\t<\/div>\n\t\t\t\t<\/div>\n\t\t\t\t<div class=\"elementor-element elementor-element-19fb60b elementor-widget elementor-widget-text-editor\" data-id=\"19fb60b\" data-element_type=\"widget\" data-widget_type=\"text-editor.default\">\n\t\t\t\t<div class=\"elementor-widget-container\">\n\t\t\t\t\t\t\t<p>Ta spletna stran uporablja storitev spletne analize Hotjar podjetja Hotjar Ltd. Hotjar Ltd. je evropsko podjetje s sede\u017eem na Malti (Hotjar Ltd, Level 2, St Julians Business Centre, 3, Elia Zammit Street, St Julians STJ 1000, Malta, Evropa Tel.: +1 (855) 464-6788).<\/p><p>To orodje nam prika\u017ee premike po spletnih straneh, na katerih se uporablja Hotjar (t. i. toplotni zemljevidi ali heatmap-i). Z njim lahko vidimo, kako dale\u010d se uporabniki premikajo in katere gumbe klikajo ter kako pogosto. Poleg tega lahko s pomo\u010djo orodja dobimo tudi neposredne povratne informacije uporabnikov spletne strani. Na ta na\u010din pridobimo dragocene informacije, na podlagi katerih lahko na\u0161e spletne strani oblikujemo tako, da so hitrej\u0161e in bolj prijazne do strank. Zgornja analiza temelji na na\u0161ih zakonitih interesih za optimizacijo in tr\u017eenje ter ustrezno oblikovanje na\u0161e spletne strani v skladu s to\u010dko f 1. odstavka 6. \u010dlena uredbe GDPR. Pri uporabi tega orodja smo \u0161e posebej pozorni na varovanje va\u0161ih osebnih podatkov. Zato lahko ugotovimo le to, katere gumbe kliknete in kako dale\u010d se premikate. Obmo\u010dja spletnih strani, na katerih so navedeni va\u0161i osebni podatki ali osebni podatki tretjih oseb, Hotjar samodejno skrije, zato jih ni nikoli mogo\u010de razbrati.<\/p><p>Hotjar vsakemu uporabniku zagotavlja mo\u017enost \u00bbDo Not Track-Header\u00ab, s katero prepre\u010di uporabo orodja Hotjar, tako da ni mogo\u010de bele\u017eiti nobenih podatkov o obisku posameznih spletnih strani. To nastavitev podpirajo vse najnovej\u0161e razli\u010dice razpolo\u017eljivih brskalnikov. Tako va\u0161 brskalnik programu Hotjar po\u0161lje zahtevo za onemogo\u010denje sledenja posameznega uporabnika. V kolikor na\u0161o spletno stran uporabljate z razli\u010dnimi brskalniki\/ra\u010dunalniki, morate mo\u017enost \u00bbDo Not Track-Header\u00ab nastaviti za vsak posamezni brskalnik\/ra\u010dunalnik posebej.<\/p><ul><li>Podrobna navodila z informacijami o va\u0161em brskalniku najdete na naslednjem naslovu:\u00a0<a href=\"https:\/\/www.hotjar.com\/opt-out\" target=\"_blank\" rel=\"noopener\">https:\/\/www.hotjar.com\/opt-out<\/a><\/li><li>Dodatne informacije o podjetju Hotjar Ltd. in o orodju Hotjar najdete na naslednjem naslovu: <a href=\"https:\/\/www.hotjar.com\/\" target=\"_blank\" rel=\"noopener\">https:\/\/www.hotjar.com<\/a><\/li><li>Politiko zasebnosti podjetja Hotjar Ltd. najdete na naslednjem naslovu: <a href=\"https:\/\/www.hotjar.com\/privacy\" target=\"_blank\" rel=\"noopener\">https:\/\/www.hotjar.com\/privacy<\/a>.<\/li><\/ul>\t\t\t\t\t\t<\/div>\n\t\t\t\t<\/div>\n\t\t\t\t<div class=\"elementor-element elementor-element-7a8c837 elementor-widget elementor-widget-heading\" data-id=\"7a8c837\" data-element_type=\"widget\" data-widget_type=\"heading.default\">\n\t\t\t\t<div class=\"elementor-widget-container\">\n\t\t\t<h3 class=\"elementor-heading-title elementor-size-default\">Zakaj obdelujemo podatke?<\/h3>\t\t<\/div>\n\t\t\t\t<\/div>\n\t\t\t\t<div class=\"elementor-element elementor-element-7cca297 elementor-widget elementor-widget-text-editor\" data-id=\"7cca297\" data-element_type=\"widget\" data-widget_type=\"text-editor.default\">\n\t\t\t\t<div class=\"elementor-widget-container\">\n\t\t\t\t\t\t\t<p><em><strong>Na spletnih straneh na\u0161ega spleti\u0161\u010da, uporabljamo pi\u0161kotke; va\u0161e podatke uporabljamo za ugotavljanje \u0161tevila obiskovalcev in druge statisti\u010dne obdelave (Ve\u010d v prej\u0161njem odseku o Google Analytics in Hotjar).<\/strong><\/em><\/p><p>To spletno mesto uporablja pi\u0161kotke za izbolj\u0161anje va\u0161e izku\u0161nje. Uporabljamo pi\u0161kotke nujno potrebne za pravilno delovanje spletnega mesta in neobvezne pi\u0161kotke za namene analitike.<\/p><p>Nujni pi\u0161kotki so klju\u010dni za pravilno delovanje spletnega mesta, dodatno uporabljamo, neobvezne, pi\u0161kotke drugih proizvajalcev, ki nam pomagajo analizirat in razumeti, kako obiskovalci uporabljate na\u0161e spletno mesto.<\/p><p>Neobvezni pi\u0161kotki bodo shranjeni v va\u0161em brskalniku samo z va\u0161im soglasjem. Prav tako imate mo\u017enost, da se od teh pi\u0161kotkov odjavite. Toda izklop nekaterih pi\u0161kotkov lahko vpliva na va\u0161o izku\u0161njo brskanja.<\/p>\t\t\t\t\t\t<\/div>\n\t\t\t\t<\/div>\n\t\t\t\t<div class=\"elementor-element elementor-element-46fbb22 elementor-widget elementor-widget-heading\" data-id=\"46fbb22\" data-element_type=\"widget\" data-widget_type=\"heading.default\">\n\t\t\t\t<div class=\"elementor-widget-container\">\n\t\t\t<h3 class=\"elementor-heading-title elementor-size-default\">S kom delimo Va\u0161e osebne podatke in kako jih varujemo?<\/h3>\t\t<\/div>\n\t\t\t\t<\/div>\n\t\t\t\t<div class=\"elementor-element elementor-element-eaa20d1 elementor-widget elementor-widget-text-editor\" data-id=\"eaa20d1\" data-element_type=\"widget\" data-widget_type=\"text-editor.default\">\n\t\t\t\t<div class=\"elementor-widget-container\">\n\t\t\t\t\t\t\t<p><strong>Google Analytics:<\/strong> Google Dublin, Google Ireland Ltd, Gordon House, Barrow Street, Dublin 4, Irska, faks: +353 (1) 436\u20091001.\u00a0<a href=\"https:\/\/www.google.com\/analytics\/terms\/gb.html\" target=\"_blank\" rel=\"noopener noreferrer\">Pogoji storitve Google Analytics<\/a>,\u00a0<a href=\"https:\/\/support.google.com\/analytics\/answer\/6004245?hl=en\" target=\"_blank\" rel=\"noopener noreferrer\">splo\u0161en pregled na\u010del varnosti in zasebnosti Google Analytics<\/a>,\u00a0<a href=\"https:\/\/policies.google.com\/privacy?hl=en\" target=\"_blank\" rel=\"noopener noreferrer\">pravilnik o zasebnosti podjetja Google<\/a>.\u00a0Google upo\u0161teva\u00a0dolo\u010dila zasebnostnega \u0161\u010dita EU\u2013ZDA.<\/p><p><strong>Hotjar:<\/strong>\u00a0Hotjar Ltd. je evropsko podjetje s sede\u017eem na Malti (Hotjar Ltd, Level 2, St Julians Business Centre, 3, Elia Zammit Street, St Julians STJ 1000, Malta, Evropa Tel.: +1 (855) 464-6788).<\/p><p>Va\u0161ih osebnih podatkov ne delimo z drugimi osebami. Va\u0161e osebne podatke shranjujemo na zavarovanem stre\u017eniku pri podjetju HITROST.COM d.o.o. kjer tudi gostujemo spletno stran.<\/p>\t\t\t\t\t\t<\/div>\n\t\t\t\t<\/div>\n\t\t\t\t<div class=\"elementor-element elementor-element-e860672 elementor-widget elementor-widget-heading\" data-id=\"e860672\" data-element_type=\"widget\" data-widget_type=\"heading.default\">\n\t\t\t\t<div class=\"elementor-widget-container\">\n\t\t\t<h3 class=\"elementor-heading-title elementor-size-default\">Kak\u0161ne so va\u0161e pravice v povezavi z obdelavo osebnih podatkov?<\/h3>\t\t<\/div>\n\t\t\t\t<\/div>\n\t\t\t\t<div class=\"elementor-element elementor-element-d9d21ff elementor-widget elementor-widget-text-editor\" data-id=\"d9d21ff\" data-element_type=\"widget\" data-widget_type=\"text-editor.default\">\n\t\t\t\t<div class=\"elementor-widget-container\">\n\t\t\t\t\t\t\t<p>V povezavi z va\u0161imi osebnimi podatki imate \u0161tevilne pravice. Te pravice vklju\u010dujejo:<\/p><p><strong><i>Pravico do dostopa<\/i><\/strong><\/p><p>Imate pravico, da izveste, kak\u0161ne podatke o vas zbiramo, v kak\u0161ne namene in kako dolgo, od kod va\u0161e osebne podatke pridobivamo, komu jih posredujemo, kdo jih poleg nas \u0161e obdeluje in kak\u0161ne so va\u0161e druge pravice v povezavi z obdelavo va\u0161ih osebnih podatkov. \u010ce niste povsem prepri\u010dani, katere osebne podatke o vas zbiramo, od nas lahko zahtevate potrdilo o tem, ali osebne podatke v zvezi z vami zbiramo ali ne, in \u010de jih, imate pravico, da se s temi podatki seznanite. Skladno s pravico do seznanitve lahko od nas zahtevate kopijo obdelovanih podatkov, pri \u010demer vam bomo prvo kopijo zagotovili brezpla\u010dno, vsako nadaljnjo pa proti pla\u010dilu.<\/p><p><strong><i>Pravico do popravka<\/i><\/strong><\/p><p>\u010ce opazite, da so osebni podatki, ki jih o vas hranimo, napa\u010dni ali nepopolni, imate pravico, da zahtevate, da jih popravimo oziroma dopolnimo, brez nepotrebnega odla\u0161anja.<\/p><p><strong><i>Pravico do pozabe oziroma izbrisa<\/i><\/strong><\/p><p>V nekaterih primerih imate pravico do izbrisa va\u0161ih osebnih podatkov. Va\u0161e osebne podatke bomo v najkraj\u0161em mo\u017enem \u010dasu izbrisali, \u010de je izpolnjen kateri od naslednjih razlogov:<\/p><ul><li>Va\u0161ih osebnih podatkov v namene, v katere smo jih obdelali, ne potrebujemo ve\u010d;<\/li><li>umaknili ste soglasje z obdelavo osebnih podatkov, pri \u010demer gre za podatke, za obdelavo katerih je va\u0161e soglasje nujno, mi pa hkrati nimamo drugega razloga za nadaljnjo obdelavo teh podatkov.<\/li><\/ul><p>Prosimo pa, da se zavedate, da, tudi \u010de bo kateri od opisanih razlogov izpolnjen, to ne pomeni, da bodo vsi va\u0161i osebni podatki kar takoj izbrisani. Te pravice pa ni mogo\u010de uveljaviti v primeru, da je obdelava va\u0161ih osebnih podatkov \u0161e naprej nujna za izpolnjevanje na\u0161ih zakonskih obveznosti.<\/p><p><strong><i>Pravico do prenosljivosti podatkov<\/i><\/strong><\/p><p>Kolikor \u017eelite, je Va\u0161a pravica, da zahtevate in prejmete osebne podatke v zvezi z Vami, ki ste nam jih posredovali. Kolikor jih zahtevate, jih boste prejeli v strukturirani, splo\u0161no uporabni in strojno berljivi obliki. Hkrati imate pravico, da te podatke posredujete drugim upravljavcem osebnih podatkov, ne da bi Vas pri tem mi ovirali.<\/p>\t\t\t\t\t\t<\/div>\n\t\t\t\t<\/div>\n\t\t\t\t\t<\/div>\n\t\t<\/div>\n\t\t\t\t\t<\/div>\n\t\t<\/section>\n\t\t\t\t<\/div>","protected":false},"excerpt":{"rendered":"<p>Zasebnost Kak\u0161ne osebne podatke obdelujemo? \u010ce uporabljate na\u0161e storitve, zbiramo razli\u010dne vrste va\u0161ih podatkov, kot so va\u0161i kontaktni podatki in va\u0161 IP naslov. Obdelujemo naslednje osebne podatke: Kontaktni podatki, ki obsegajo osebne podatke, s pomo\u010djo katerih lahko stopimo v stik z vami: e-naslov, ime in priimek ter telefonsko \u0161tevilko; Podatke o napravah s katerih dostopate [&hellip;]<\/p>","protected":false},"author":1,"featured_media":539,"parent":0,"menu_order":0,"comment_status":"closed","ping_status":"closed","template":"","meta":{"site-sidebar-layout":"no-sidebar","site-content-layout":"page-builder","ast-site-content-layout":"","site-content-style":"default","site-sidebar-style":"default","ast-global-header-display":"","ast-banner-title-visibility":"","ast-main-header-display":"","ast-hfb-above-header-display":"","ast-hfb-below-header-display":"","ast-hfb-mobile-header-display":"","site-post-title":"disabled","ast-breadcrumbs-content":"","ast-featured-img":"disabled","footer-sml-layout":"","theme-transparent-header-meta":"default","adv-header-id-meta":"","stick-header-meta":"default","header-above-stick-meta":"","header-main-stick-meta":"","header-below-stick-meta":"","astra-migrate-meta-layouts":"default","ast-page-background-enabled":"default","ast-page-background-meta":{"desktop":{"background-color":"","background-image":"","background-repeat":"repeat","background-position":"center center","background-size":"auto","background-attachment":"scroll","background-type":"","background-media":"","overlay-type":"","overlay-color":"","overlay-gradient":""},"tablet":{"background-color":"","background-image":"","background-repeat":"repeat","background-position":"center center","background-size":"auto","background-attachment":"scroll","background-type":"","background-media":"","overlay-type":"","overlay-color":"","overlay-gradient":""},"mobile":{"background-color":"","background-image":"","background-repeat":"repeat","background-position":"center center","background-size":"auto","background-attachment":"scroll","background-type":"","background-media":"","overlay-type":"","overlay-color":"","overlay-gradient":""}},"ast-content-background-meta":{"desktop":{"background-color":"var(--ast-global-color-5)","background-image":"","background-repeat":"repeat","background-position":"center center","background-size":"auto","background-attachment":"scroll","background-type":"","background-media":"","overlay-type":"","overlay-color":"","overlay-gradient":""},"tablet":{"background-color":"var(--ast-global-color-5)","background-image":"","background-repeat":"repeat","background-position":"center center","background-size":"auto","background-attachment":"scroll","background-type":"","background-media":"","overlay-type":"","overlay-color":"","overlay-gradient":""},"mobile":{"background-color":"var(--ast-global-color-5)","background-image":"","background-repeat":"repeat","background-position":"center center","background-size":"auto","background-attachment":"scroll","background-type":"","background-media":"","overlay-type":"","overlay-color":"","overlay-gradient":""}},"footnotes":""},"_links":{"self":[{"href":"https:\/\/www.pkmoreno.si\/en\/wp-json\/wp\/v2\/pages\/562"}],"collection":[{"href":"https:\/\/www.pkmoreno.si\/en\/wp-json\/wp\/v2\/pages"}],"about":[{"href":"https:\/\/www.pkmoreno.si\/en\/wp-json\/wp\/v2\/types\/page"}],"author":[{"embeddable":true,"href":"https:\/\/www.pkmoreno.si\/en\/wp-json\/wp\/v2\/users\/1"}],"replies":[{"embeddable":true,"href":"https:\/\/www.pkmoreno.si\/en\/wp-json\/wp\/v2\/comments?post=562"}],"version-history":[{"count":0,"href":"https:\/\/www.pkmoreno.si\/en\/wp-json\/wp\/v2\/pages\/562\/revisions"}],"wp:featuredmedia":[{"embeddable":true,"href":"https:\/\/www.pkmoreno.si\/en\/wp-json\/wp\/v2\/media\/539"}],"wp:attachment":[{"href":"https:\/\/www.pkmoreno.si\/en\/wp-json\/wp\/v2\/media?parent=562"}],"curies":[{"name":"wp","href":"https:\/\/api.w.org\/{rel}","templated":true}]}}